{"id":226,"date":"2025-04-24T09:44:40","date_gmt":"2025-04-24T09:44:40","guid":{"rendered":"https:\/\/xn--gestt-damsbrck-jsbi.de\/?page_id=226"},"modified":"2025-04-24T09:44:44","modified_gmt":"2025-04-24T09:44:44","slug":"kontakt-impressum","status":"publish","type":"page","link":"https:\/\/xn--gestt-damsbrck-jsbi.de\/?page_id=226","title":{"rendered":"Kontakt-Impressum"},"content":{"rendered":"<div class=\"\" style=\"\" >\n  \n    <section class=\"u-align-center u-clearfix u-container-align-center u-palette-3-dark-1 u-section-1\" id=\"carousel_91ec\">\n      <div class=\"u-clearfix u-sheet u-valign-top-lg u-valign-top-md u-valign-top-sm u-valign-top-xs u-sheet-1\">\n        <div class=\"custom-expanded skrollable u-align-center u-container-align-center u-container-style u-group u-image u-shading u-image-1\" data-image-width=\"1416\" data-image-height=\"752\" style=\"background-image: linear-gradient(0deg, rgba(0, 0, 0, 0.35), rgba(0, 0, 0, 0.35)), url(&quot;https:\/\/xn--gestt-damsbrck-jsbi.de\/wp-content\/uploads\/2025\/04\/headrer-luft-gross-1-2.jpg&quot;);\">\n          <div class=\"u-container-layout u-valign-bottom-lg u-valign-bottom-md u-valign-bottom-sm u-container-layout-1\">\n            <img decoding=\"async\" class=\"u-image u-image-default u-image-2\" src=\"https:\/\/xn--gestt-damsbrck-jsbi.de\/wp-content\/uploads\/2025\/04\/logo-kl-2025-4.jpg\" alt=\"\" data-image-width=\"400\" data-image-height=\"215\">\n          <\/div>\n        <\/div>\n        <div class=\"u-expanded-width u-list u-list-1\">\n          <div class=\"u-repeater u-repeater-1\">\n            <div class=\"u-container-style u-list-item u-radius u-repeater-item u-shape-round u-white u-list-item-1\" data-animation-name=\"customAnimationIn\" data-animation-duration=\"1500\" data-animation-delay=\"500\">\n              <div class=\"u-container-layout u-similar-container u-valign-top-lg u-valign-top-md u-valign-top-sm u-valign-top-xs u-container-layout-2\"><span class=\"u-align-left u-file-icon u-icon u-text-palette-1-dark-3 u-icon-1\"><img decoding=\"async\" src=\"https:\/\/xn--gestt-damsbrck-jsbi.de\/wp-content\/uploads\/2025\/04\/a3ef9657-1.png\" alt=\"\"><\/span>\n                <h4 class=\"u-align-left u-text u-text-1\">Gest\u00fct Damsbr\u00fcck im Havelland<br>\n                <\/h4>\n                <p class=\"u-align-left u-text u-text-2\"><span style=\"font-size: 1.25rem; font-weight: 700;\">Kontakt: <\/span>\n                  <br>Petra Mosig <a href=\"https:\/\/www.google.com\/url?sa=t&amp;source=web&amp;rct=j&amp;opi=89978449&amp;url=\/maps\/place\/\/data%3D!4m2!3m1!1s0x47a8fead07779671:0x5b2ec97c5608d8c8%3Fsa%3DX%26ved%3D1t:8290%26ictx%3D111&amp;ved=2ahUKEwj_pNCx5u2MAxUWZ_EDHU9aOf8Q4kB6BAglEAM&amp;usg=AOvVaw2oBFA1SjswosQnxaK14cxY\" class=\"u-active-none u-border-none u-btn u-button-style u-hover-none u-none u-text-palette-1-base u-btn-1\"><span class=\"u-text-custom-color-2\">Havell\u00e4nder Weg 110, 14612 Falkensee<\/span>\n                  <\/a>\n                  <br>Telefon :&nbsp;0176 207 14 903&nbsp;&nbsp; Mail : petra-mosig@gmx.de<br>&nbsp;Steuer.-Nr.:&nbsp; 051 171 \/ 01535&nbsp;&nbsp; FA Nauen<br><span style=\"text-decoration: underline !important;\">Datenschutzerkl\u00e4rung<\/span>\n                  <br>\n                <\/p>\n                <div class=\"custom-expanded u-align-left u-grey-10 u-map u-map-1\">\n                  <div class=\"embed-responsive\">\n                    <iframe class=\"embed-responsive-item\" src=\"https:\/\/maps.google.com\/maps?output=embed&amp;q=14612%20Falkensee%20Havell%C3%A4nder%20Weg%20110&amp;t=m\" data-map=\"JTdCJTIycG9zaXRpb25UeXBlJTIyJTNBJTIybWFwLXBvaW50JTIyJTJDJTIyYWRkcmVzcyUyMiUzQSUyMjE0NjEyJTIwRmFsa2Vuc2VlJTIwSGF2ZWxsJUMzJUE0bmRlciUyMFdlZyUyMDExMCUyMiUyQyUyMnpvb20lMjIlM0FudWxsJTJDJTIydHlwZUlkJTIyJTNBJTIycm9hZCUyMiUyQyUyMmxhbmclMjIlM0FudWxsJTJDJTIyYXBpS2V5JTIyJTNBbnVsbCUyQyUyMm1hcmtlcnMlMjIlM0ElNUIlNUQlN0Q=\"><\/iframe>\n                  <\/div>\n                <\/div>\n              <\/div>\n            <\/div>\n          <\/div>\n        <\/div>\n        <a href=\"\" class=\"u-border-none u-btn u-btn-round u-button-style u-custom-color-2 u-hover-white u-radius u-btn-2\">Kontakt Petra Mosig&nbsp; 0176 20714903<\/a>\n      <\/div>\n    <\/section>\n    \n    \n    \n    \n  \n<\/div>","protected":false},"excerpt":{"rendered":"<p>Gest\u00fct Damsbr\u00fcck im Havelland Kontakt: Petra Mosig Havell\u00e4nder Weg 110, 14612 Falkensee Telefon :&nbsp;0176 207 14 903&nbsp;&nbsp; Mail : petra-mosig@gmx.de&nbsp;Steuer.-Nr.:&nbsp; 051 171 \/ 01535&nbsp;&nbsp; FA NauenDatenschutzerkl\u00e4rung Kontakt Petra Mosig&nbsp; 0176 20714903<\/p>\n","protected":false},"author":1,"featured_media":0,"parent":0,"menu_order":3,"comment_status":"closed","ping_status":"closed","template":"","meta":{"footnotes":""},"class_list":["post-226","page","type-page","status-publish","hentry"],"_links":{"self":[{"href":"https:\/\/xn--gestt-damsbrck-jsbi.de\/index.php?rest_route=\/wp\/v2\/pages\/226","targetHints":{"allow":["GET"]}}],"collection":[{"href":"https:\/\/xn--gestt-damsbrck-jsbi.de\/index.php?rest_route=\/wp\/v2\/pages"}],"about":[{"href":"https:\/\/xn--gestt-damsbrck-jsbi.de\/index.php?rest_route=\/wp\/v2\/types\/page"}],"author":[{"embeddable":true,"href":"https:\/\/xn--gestt-damsbrck-jsbi.de\/index.php?rest_route=\/wp\/v2\/users\/1"}],"replies":[{"embeddable":true,"href":"https:\/\/xn--gestt-damsbrck-jsbi.de\/index.php?rest_route=%2Fwp%2Fv2%2Fcomments&post=226"}],"version-history":[{"count":1,"href":"https:\/\/xn--gestt-damsbrck-jsbi.de\/index.php?rest_route=\/wp\/v2\/pages\/226\/revisions"}],"predecessor-version":[{"id":231,"href":"https:\/\/xn--gestt-damsbrck-jsbi.de\/index.php?rest_route=\/wp\/v2\/pages\/226\/revisions\/231"}],"wp:attachment":[{"href":"https:\/\/xn--gestt-damsbrck-jsbi.de\/index.php?rest_route=%2Fwp%2Fv2%2Fmedia&parent=226"}],"curies":[{"name":"wp","href":"https:\/\/api.w.org\/{rel}","templated":true}]}}