{"id":227,"date":"2025-04-24T09:44:41","date_gmt":"2025-04-24T09:44:41","guid":{"rendered":"https:\/\/xn--gestt-damsbrck-jsbi.de\/?page_id=227"},"modified":"2025-04-24T09:44:44","modified_gmt":"2025-04-24T09:44:44","slug":"anlage","status":"publish","type":"page","link":"https:\/\/xn--gestt-damsbrck-jsbi.de\/?page_id=227","title":{"rendered":"Anlage"},"content":{"rendered":"<div class=\"\" style=\"\" >\n  \n    <section class=\"u-align-center u-clearfix u-container-align-center-lg u-container-align-center-xl u-palette-3-dark-1 u-section-1\" id=\"carousel_91ec\">\n      <div class=\"u-clearfix u-sheet u-sheet-1\">\n        <div class=\"custom-expanded skrollable u-align-center u-container-align-center-xl u-container-style u-group u-image u-shading u-image-1\" data-image-width=\"1416\" data-image-height=\"752\" style=\"background-image: linear-gradient(0deg, rgba(0, 0, 0, 0.35), rgba(0, 0, 0, 0.35)), url(&quot;https:\/\/xn--gestt-damsbrck-jsbi.de\/wp-content\/uploads\/2025\/04\/headrer-luft-gross-1-2.jpg&quot;);\">\n          <div class=\"u-container-layout u-valign-bottom-md u-container-layout-1\">\n            <img decoding=\"async\" class=\"u-image u-image-default u-image-2\" src=\"https:\/\/xn--gestt-damsbrck-jsbi.de\/wp-content\/uploads\/2025\/04\/logo-kl-2025-4.jpg\" alt=\"\" data-image-width=\"400\" data-image-height=\"215\">\n          <\/div>\n        <\/div>\n        <div class=\"u-expanded-width u-list u-list-1\">\n          <div class=\"u-repeater u-repeater-1\">\n            <div class=\"u-container-style u-list-item u-radius u-repeater-item u-shape-round u-white u-list-item-1\" data-animation-name=\"customAnimationIn\" data-animation-duration=\"1500\" data-animation-delay=\"500\">\n              <div class=\"u-container-layout u-similar-container u-valign-top-lg u-valign-top-sm u-valign-top-xs u-container-layout-2\"><span class=\"u-align-left u-file-icon u-icon u-text-palette-1-dark-3 u-icon-1\"><img decoding=\"async\" src=\"https:\/\/xn--gestt-damsbrck-jsbi.de\/wp-content\/uploads\/2025\/04\/a3ef9657-1.png\" alt=\"\"><\/span>\n                <h4 class=\"u-align-left u-text u-text-1\">Gest\u00fct Damsbr\u00fcck - eine moderne Reitanlage mit langer Tradition<br>\n                <\/h4>\n                <p class=\"u-align-left u-text u-text-2\"> Wir sind nur ein Pensionsbetrieb, keine Reitschule, kein Verein! Unsere Pensionspferde sind ganzt\u00e4gig drau\u00dfen (nat\u00fcrlich au\u00dfer bei Glatteis), auf Paddock oder Koppel von 8 - 16 Uhr.<br>Boxenpreise ab 600 Euro inklusive Einstreu, Futter, Misten, Raus-und Reinbringen. Weitere Dienstleistungen = Absprache + Aufpreis. Anh\u00e4ngerstellplatz 20 Euro monatlich.<br>\u00d6ffnungszeiten t\u00e4glich bis 21 Uhr, Feiertag 18 Uhr. Ausreitgel\u00e4nde OHNE \u00dcberquerung einer Stra\u00dfe ab Hof.<br>\n                <\/p>\n              <\/div>\n            <\/div>\n          <\/div>\n        <\/div>\n        <div class=\"data-layout-selected u-clearfix u-expanded-width u-gutter-0 u-layout-wrap u-layout-wrap-1\">\n          <div class=\"u-layout\">\n            <div class=\"u-layout-col\">\n              <div class=\"u-size-20\">\n                <div class=\"u-layout-row\">\n                  <div class=\"u-container-style u-layout-cell u-size-30 u-layout-cell-1\">\n                    <div class=\"u-container-layout u-container-layout-3\">\n                      <img decoding=\"async\" class=\"u-absolute-hcenter-md u-absolute-hcenter-sm u-absolute-hcenter-xs u-expanded-height u-image u-image-default u-image-3\" src=\"https:\/\/xn--gestt-damsbrck-jsbi.de\/wp-content\/uploads\/2025\/04\/stall-4.jpg\" alt=\"\" data-image-width=\"1660\" data-image-height=\"1125\">\n                    <\/div>\n                  <\/div>\n                  <div class=\"u-container-style u-layout-cell u-size-30 u-layout-cell-2\">\n                    <div class=\"u-container-layout u-container-layout-4\">\n                      <p class=\"u-text u-text-custom-color-2 u-text-default-lg u-text-default-md u-text-default-sm u-text-default-xl u-text-3\">Luftiger Stall mit gro\u00dfz\u00fcgigen Boxen, Einstreu Stroh, nach Absprache andere Einstreu, Au\u00dfenboxen vorhanden<br>\n                      <\/p>\n                    <\/div>\n                  <\/div>\n                <\/div>\n              <\/div>\n              <div class=\"u-size-20\">\n                <div class=\"u-layout-row\">\n                  <div class=\"u-container-style u-layout-cell u-size-30 u-layout-cell-3\">\n                    <div class=\"u-container-layout u-valign-bottom-lg u-valign-bottom-md u-valign-bottom-sm u-valign-middle-xl u-valign-top-xs u-container-layout-5\">\n                      <img decoding=\"async\" class=\"u-image u-image-default u-image-4\" src=\"https:\/\/xn--gestt-damsbrck-jsbi.de\/wp-content\/uploads\/2025\/04\/fuehr-4.jpg\" alt=\"\" data-image-width=\"2288\" data-image-height=\"1195\">\n                    <\/div>\n                  <\/div>\n                  <div class=\"u-container-style u-layout-cell u-size-30 u-layout-cell-4\">\n                    <div class=\"u-container-layout u-valign-top-sm u-container-layout-6\">\n                      <p class=\"u-text u-text-default-lg u-text-default-md u-text-default-sm u-text-default-xl u-text-grey-90 u-text-4\">Longierhalle und Longierplatz<br>Gym-2000 Pferdelaufband\n                      <\/p>\n                    <\/div>\n                  <\/div>\n                <\/div>\n              <\/div>\n              <div class=\"u-size-20\">\n                <div class=\"u-layout-row\">\n                  <div class=\"u-container-style u-layout-cell u-size-30 u-layout-cell-5\">\n                    <div class=\"u-container-layout u-valign-middle-lg u-valign-middle-md u-valign-middle-sm u-valign-middle-xs u-container-layout-7\"><\/div>\n                  <\/div>\n                  <div class=\"u-container-style u-layout-cell u-size-30 u-layout-cell-6\">\n                    <div class=\"u-container-layout u-valign-middle-xs u-valign-top-sm u-container-layout-8\">\n                      <p class=\"u-text u-text-grey-90 u-text-5\">Helle Reithalle 48 x 20m mit neuem,<br>gepflegten Hallenboden<br>\n                      <\/p>\n                    <\/div>\n                  <\/div>\n                <\/div>\n              <\/div>\n            <\/div>\n          <\/div>\n        <\/div>\n        <div class=\"data-layout-selected u-clearfix u-expanded-width-lg u-expanded-width-md u-expanded-width-xl u-expanded-width-xs u-layout-wrap u-layout-wrap-2\">\n          <div class=\"u-layout\">\n            <div class=\"u-layout-col\">\n              <div class=\"u-size-30\">\n                <div class=\"u-layout-row\">\n                  <div class=\"u-container-style u-layout-cell u-size-30 u-layout-cell-7\">\n                    <div class=\"u-container-layout u-valign-bottom-lg u-valign-bottom-md u-container-layout-9\">\n                      <img decoding=\"async\" class=\"custom-expanded u-image u-image-default u-image-5\" src=\"https:\/\/xn--gestt-damsbrck-jsbi.de\/wp-content\/uploads\/2025\/04\/halle-2-4.jpg\" alt=\"\" data-image-width=\"1383\" data-image-height=\"1359\">\n                      <img decoding=\"async\" class=\"u-image u-image-default u-image-6\" src=\"https:\/\/xn--gestt-damsbrck-jsbi.de\/wp-content\/uploads\/2025\/04\/platz-4.jpg\" alt=\"\" data-image-width=\"1468\" data-image-height=\"782\">\n                    <\/div>\n                  <\/div>\n                  <div class=\"u-container-style u-layout-cell u-size-30 u-layout-cell-8\">\n                    <div class=\"u-container-layout u-valign-top-sm u-container-layout-10\">\n                      <p class=\"u-text u-text-custom-color-2 u-text-default-lg u-text-default-md u-text-default-sm u-text-default-xl u-text-6\">Gro\u00dfer Allwetter-Reitplatz <br>mit Beleuchtung.<br>\n                      <\/p>\n                    <\/div>\n                  <\/div>\n                <\/div>\n              <\/div>\n              <div class=\"u-size-30\">\n                <div class=\"u-layout-row\">\n                  <div class=\"u-container-style u-layout-cell u-size-30 u-layout-cell-9\">\n                    <div class=\"u-container-layout u-valign-bottom-lg u-valign-bottom-md u-valign-middle-xl u-container-layout-11\">\n                      <img decoding=\"async\" class=\"u-image u-image-default u-image-7\" src=\"https:\/\/xn--gestt-damsbrck-jsbi.de\/wp-content\/uploads\/2025\/04\/springplatz-4.jpg\" alt=\"\" data-image-width=\"632\" data-image-height=\"398\">\n                    <\/div>\n                  <\/div>\n                  <div class=\"u-container-style u-layout-cell u-size-30 u-layout-cell-10\">\n                    <div class=\"u-container-layout u-valign-top-sm u-container-layout-12\">\n                      <p class=\"u-text u-text-default u-text-grey-90 u-text-7\">Gro\u00dfer Springplatz mit Hindernismaterial<br>f\u00fcrs&nbsp; Training zur t\u00e4glichen Verf\u00fcgung. <br>\n                      <\/p>\n                    <\/div>\n                  <\/div>\n                <\/div>\n              <\/div>\n            <\/div>\n          <\/div>\n        <\/div>\n        <a href=\"\" class=\"u-border-none u-btn u-btn-round u-button-style u-custom-color-2 u-hover-white u-radius u-btn-1\">Kontakt Petra Mosig&nbsp; 0176 20714903<\/a>\n      <\/div>\n    <\/section>\n    \n    \n    \n    \n  \n<\/div>","protected":false},"excerpt":{"rendered":"<p>Gest\u00fct Damsbr\u00fcck &#8211; eine moderne Reitanlage mit langer Tradition Wir sind nur ein Pensionsbetrieb, keine Reitschule, kein Verein! Unsere Pensionspferde sind ganzt\u00e4gig drau\u00dfen (nat\u00fcrlich au\u00dfer bei Glatteis), auf Paddock oder Koppel von 8 &#8211; 16 Uhr.Boxenpreise ab 600 Euro inklusive Einstreu, Futter, Misten, Raus-und Reinbringen. Weitere Dienstleistungen = Absprache + Aufpreis. Anh\u00e4ngerstellplatz 20 Euro monatlich.\u00d6ffnungszeiten [&hellip;]<\/p>\n","protected":false},"author":1,"featured_media":0,"parent":0,"menu_order":4,"comment_status":"closed","ping_status":"closed","template":"","meta":{"footnotes":""},"class_list":["post-227","page","type-page","status-publish","hentry"],"_links":{"self":[{"href":"https:\/\/xn--gestt-damsbrck-jsbi.de\/index.php?rest_route=\/wp\/v2\/pages\/227","targetHints":{"allow":["GET"]}}],"collection":[{"href":"https:\/\/xn--gestt-damsbrck-jsbi.de\/index.php?rest_route=\/wp\/v2\/pages"}],"about":[{"href":"https:\/\/xn--gestt-damsbrck-jsbi.de\/index.php?rest_route=\/wp\/v2\/types\/page"}],"author":[{"embeddable":true,"href":"https:\/\/xn--gestt-damsbrck-jsbi.de\/index.php?rest_route=\/wp\/v2\/users\/1"}],"replies":[{"embeddable":true,"href":"https:\/\/xn--gestt-damsbrck-jsbi.de\/index.php?rest_route=%2Fwp%2Fv2%2Fcomments&post=227"}],"version-history":[{"count":1,"href":"https:\/\/xn--gestt-damsbrck-jsbi.de\/index.php?rest_route=\/wp\/v2\/pages\/227\/revisions"}],"predecessor-version":[{"id":232,"href":"https:\/\/xn--gestt-damsbrck-jsbi.de\/index.php?rest_route=\/wp\/v2\/pages\/227\/revisions\/232"}],"wp:attachment":[{"href":"https:\/\/xn--gestt-damsbrck-jsbi.de\/index.php?rest_route=%2Fwp%2Fv2%2Fmedia&parent=227"}],"curies":[{"name":"wp","href":"https:\/\/api.w.org\/{rel}","templated":true}]}}